{"id":2302,"date":"2020-03-16T16:14:20","date_gmt":"2020-03-16T16:14:20","guid":{"rendered":"https:\/\/quentz.org\/school\/?page_id=2302"},"modified":"2020-03-19T15:52:52","modified_gmt":"2020-03-19T15:52:52","slug":"chinese-review-list-march-2020","status":"publish","type":"page","link":"https:\/\/quentz.org\/school\/chinese-review-list-march-2020\/","title":{"rendered":"Chinese Review List March 2020"},"content":{"rendered":"<body>\n<p>Vocabulary<\/p>\n\n\n\n<pre class=\"wp-block-preformatted\"> \u6625\u5929 ch\u016bn ti\u0101n\u00a0\n \u82b1 hu\u0101\n \u8774\u8776 h\u00fa di\u00e9\n \u6bdb\u6bdb\u866b m\u00e1o m\u00e1o ch\u00f3ng\u00a0\n \u871c\u8702 m\u00ec f\u0113ng\u00a0\n \u8717\u725b w\u014d ni\u00fa\u00a0\n \u7d2b\u8272 z\u01d0 s\u00e8\u00a0\n \u592a\u9633 t\u00e0i y\u00e1ng\u00a0\n \u4e91 y\u00fan\n \u4e0b\u96e8 xi\u00e0 y\u01d4\u00a0\n \u96e8\u4f1e y\u01d4 s\u01cen\u00a0\n<\/pre>\n\n\n\n<p>Conversation<\/p>\n\n\n\n<pre class=\"wp-block-preformatted\">\u4eca\u5929\u662f\u4ec0\u4e48\u5929\u6c14? j\u012bn ti\u0101n sh\u00ec sh\u00ed me ti\u0101n q\u00ec ?\u00a0\n\u4eca\u5929\u662f\u4e0b\u96e8\u5929\u3002j\u012bn ti\u0101n sh\u00ec xi\u00e0 y\u01d4 ti\u0101n\n \n\u73b0\u5728\u662f\u4ec0\u4e48\u5b63\u8282\uff1fxi\u00e0n z\u00e0i sh\u00ec sh\u00ed me j\u00ec ji\u00e9\u00a0\uff1f\u00a0\n\u73b0\u5728\u662f\u6625\u5929\u3002xi\u00e0n z\u00e0i sh\u00ec ch\u016bn ti\u0101n\u00a0\u3002<\/pre>\n\n\n\n<p>Children\u2019s Rhyme<\/p>\n\n\n\n<pre class=\"wp-block-preformatted\">\u6625\u5929\u5230 \u6625\u5929\u5230 \u7ea2\u8272\u84dd\u8272\u6a58\u8272\u4fcf\nch\u016bn ti\u0101n d\u00e0o \u00a0 ch\u016bn ti\u0101n d\u00e0o \u00a0 h\u00f3ng s\u00e8 l\u00e1n s\u00e8 j\u00fa s\u00e8 qi\u00e0o\u00a0\n\u6625\u5929\u5230 \u6625\u5929\u5230 \u9ec4\u8272\u7eff\u8272\u7d2b\u8272\u4fcf\nch\u016bn ti\u0101n d\u00e0o \u00a0 ch\u016bn ti\u0101n d\u00e0o \u00a0 hu\u00e1ng s\u00e8 l\u01dc s\u00e8 z\u01d0 s\u00e8 qi\u00e0o\u00a0\n\u6625\u5929\u5230 \u6625\u5929\u5230 \u82b1\u513f\u6735\u6735\u5f00\u53e3\u7b11\nch\u016bn ti\u0101n d\u00e0o \u00a0 ch\u016bn ti\u0101n d\u00e0o \u00a0 hu\u0101 \u00e9r du\u01d2 du\u01d2 k\u0101i k\u01d2u xi\u00e0o\u00a0\n\u6625\u5929\u5230 \u6625\u5929\u5230 \u871c\u8702\u8774\u8776\u9f50\u821e\u8e48\nch\u016bn ti\u0101n d\u00e0o \u00a0 ch\u016bn ti\u0101n d\u00e0o \u00a0 m\u00ec f\u0113ng h\u00fa di\u00e9 q\u00ed w\u01d4 d\u01ceo<\/pre>\n\n\n\n<p>Songs<\/p>\n\n\n\n<pre class=\"wp-block-preformatted\">\u4e0b\u96e8\u6b4c \uff08<a href=\"https:\/\/www.youtube.com\/watch?v=WJnBtzFLmso\">https:\/\/www.youtube.com\/watch?v=WJnBtzFLmso<\/a>\uff09\u00a0\u00a0<\/pre>\n<\/body>","protected":false},"excerpt":{"rendered":"<p>Vocabulary \u6625\u5929 ch\u016bn ti\u0101n\u00a0 \u82b1 hu\u0101 \u8774\u8776 h\u00fa di\u00e9 \u6bdb\u6bdb\u866b m\u00e1o m\u00e1o ch\u00f3ng\u00a0 \u871c\u8702 m\u00ec f\u0113ng\u00a0 \u8717\u725b w\u014d ni\u00fa\u00a0 \u7d2b\u8272 z\u01d0 s\u00e8\u00a0 \u592a\u9633 t\u00e0i y\u00e1ng\u00a0 \u4e91 y\u00fan \u4e0b\u96e8 xi\u00e0 y\u01d4\u00a0 \u96e8\u4f1e y\u01d4 s\u01cen\u00a0 Conversation \u4eca\u5929\u662f\u4ec0\u4e48\u5929\u6c14? j\u012bn ti\u0101n sh\u00ec sh\u00ed me &hellip; <a href=\"https:\/\/quentz.org\/school\/chinese-review-list-march-2020\/\">Continued<\/a><\/p>\n","protected":false},"author":1,"featured_media":0,"parent":0,"menu_order":0,"comment_status":"closed","ping_status":"closed","template":"","meta":{"_monsterinsights_skip_tracking":false,"_monsterinsights_sitenote_active":false,"_monsterinsights_sitenote_note":"","_monsterinsights_sitenote_category":0,"footnotes":""},"class_list":["post-2302","page","type-page","status-publish","hentry"],"jetpack_sharing_enabled":true,"_links":{"self":[{"href":"https:\/\/quentz.org\/school\/wp-json\/wp\/v2\/pages\/2302","targetHints":{"allow":["GET"]}}],"collection":[{"href":"https:\/\/quentz.org\/school\/wp-json\/wp\/v2\/pages"}],"about":[{"href":"https:\/\/quentz.org\/school\/wp-json\/wp\/v2\/types\/page"}],"author":[{"embeddable":true,"href":"https:\/\/quentz.org\/school\/wp-json\/wp\/v2\/users\/1"}],"replies":[{"embeddable":true,"href":"https:\/\/quentz.org\/school\/wp-json\/wp\/v2\/comments?post=2302"}],"version-history":[{"count":1,"href":"https:\/\/quentz.org\/school\/wp-json\/wp\/v2\/pages\/2302\/revisions"}],"predecessor-version":[{"id":2304,"href":"https:\/\/quentz.org\/school\/wp-json\/wp\/v2\/pages\/2302\/revisions\/2304"}],"wp:attachment":[{"href":"https:\/\/quentz.org\/school\/wp-json\/wp\/v2\/media?parent=2302"}],"curies":[{"name":"wp","href":"https:\/\/api.w.org\/{rel}","templated":true}]}}